{"id":428,"date":"2023-11-26T15:11:48","date_gmt":"2023-11-26T14:11:48","guid":{"rendered":"https:\/\/www.degetha.org\/event\/"},"modified":"2023-12-27T01:18:08","modified_gmt":"2023-12-27T00:18:08","slug":"event","status":"publish","type":"page","link":"https:\/\/www.degetha.org\/en\/event\/","title":{"rendered":"Events"},"content":{"rendered":"\t\t<div data-elementor-type=\"wp-page\" data-elementor-id=\"428\" class=\"elementor elementor-428 elementor-142\" data-elementor-post-type=\"page\">\n\t\t\t\t\t\t<section class=\"elementor-section elementor-top-section elementor-element elementor-element-26f80b1a elementor-section-boxed elementor-section-height-default elementor-section-height-default\" data-id=\"26f80b1a\" data-element_type=\"section\" data-e-type=\"section\" data-settings=\"{&quot;background_background&quot;:&quot;classic&quot;,&quot;ekit_has_onepagescroll_dot&quot;:&quot;yes&quot;}\">\n\t\t\t\t\t\t\t<div class=\"elementor-background-overlay\"><\/div>\n\t\t\t\t\t\t\t<div class=\"elementor-container elementor-column-gap-default\">\n\t\t\t\t\t<div class=\"elementor-column elementor-col-100 elementor-top-column elementor-element elementor-element-1ebd7c3d\" data-id=\"1ebd7c3d\" data-element_type=\"column\" data-e-type=\"column\">\n\t\t\t<div class=\"elementor-widget-wrap elementor-element-populated\">\n\t\t\t\t\t\t<section class=\"elementor-section elementor-inner-section elementor-element elementor-element-50abd3aa elementor-section-boxed elementor-section-height-default elementor-section-height-default\" data-id=\"50abd3aa\" data-element_type=\"section\" data-e-type=\"section\" data-settings=\"{&quot;ekit_has_onepagescroll_dot&quot;:&quot;yes&quot;}\">\n\t\t\t\t\t\t<div class=\"elementor-container elementor-column-gap-default\">\n\t\t\t\t\t<div class=\"elementor-column elementor-col-100 elementor-inner-column elementor-element elementor-element-731f365f\" data-id=\"731f365f\" data-element_type=\"column\" data-e-type=\"column\">\n\t\t\t<div class=\"elementor-widget-wrap elementor-element-populated\">\n\t\t\t\t\t\t<div class=\"elementor-element elementor-element-4d8a413f elementor-invisible elementor-widget elementor-widget-heading\" data-id=\"4d8a413f\" data-element_type=\"widget\" data-e-type=\"widget\" data-settings=\"{&quot;_animation&quot;:&quot;fadeInLeft&quot;,&quot;ekit_we_effect_on&quot;:&quot;none&quot;}\" data-widget_type=\"heading.default\">\n\t\t\t\t<div class=\"elementor-widget-container\">\n\t\t\t\t\t<h1 class=\"elementor-heading-title elementor-size-default\">Events<\/h1>\t\t\t\t<\/div>\n\t\t\t\t<\/div>\n\t\t\t\t<div class=\"elementor-element elementor-element-3c447629 elementor-widget-divider--view-line elementor-widget elementor-widget-divider\" data-id=\"3c447629\" data-element_type=\"widget\" data-e-type=\"widget\" data-settings=\"{&quot;ekit_we_effect_on&quot;:&quot;none&quot;}\" data-widget_type=\"divider.default\">\n\t\t\t\t<div class=\"elementor-widget-container\">\n\t\t\t\t\t\t\t<div class=\"elementor-divider\">\n\t\t\t<span class=\"elementor-divider-separator\">\n\t\t\t\t\t\t<\/span>\n\t\t<\/div>\n\t\t\t\t\t\t<\/div>\n\t\t\t\t<\/div>\n\t\t\t\t<div class=\"elementor-element elementor-element-444ec8a9 elementor-icon-list--layout-inline elementor-align-end elementor-mobile-align-center elementor-list-item-link-full_width elementor-invisible elementor-widget elementor-widget-icon-list\" data-id=\"444ec8a9\" data-element_type=\"widget\" data-e-type=\"widget\" data-settings=\"{&quot;_animation&quot;:&quot;fadeInRight&quot;,&quot;ekit_we_effect_on&quot;:&quot;none&quot;}\" data-widget_type=\"icon-list.default\">\n\t\t\t\t<div class=\"elementor-widget-container\">\n\t\t\t\t\t\t\t<ul class=\"elementor-icon-list-items elementor-inline-items\">\n\t\t\t\t\t\t\t<li class=\"elementor-icon-list-item elementor-inline-item\">\n\t\t\t\t\t\t\t\t\t\t<span class=\"elementor-icon-list-text\">Home<\/span>\n\t\t\t\t\t\t\t\t\t<\/li>\n\t\t\t\t\t\t\t\t<li class=\"elementor-icon-list-item elementor-inline-item\">\n\t\t\t\t\t\t\t\t\t\t\t<span class=\"elementor-icon-list-icon\">\n\t\t\t\t\t\t\t<svg aria-hidden=\"true\" class=\"e-font-icon-svg e-fas-chevron-right\" viewBox=\"0 0 320 512\" xmlns=\"http:\/\/www.w3.org\/2000\/svg\"><path d=\"M285.476 272.971L91.132 467.314c-9.373 9.373-24.569 9.373-33.941 0l-22.667-22.667c-9.357-9.357-9.375-24.522-.04-33.901L188.505 256 34.484 101.255c-9.335-9.379-9.317-24.544.04-33.901l22.667-22.667c9.373-9.373 24.569-9.373 33.941 0L285.475 239.03c9.373 9.372 9.373 24.568.001 33.941z\"><\/path><\/svg>\t\t\t\t\t\t<\/span>\n\t\t\t\t\t\t\t\t\t\t<span class=\"elementor-icon-list-text\">Events<\/span>\n\t\t\t\t\t\t\t\t\t<\/li>\n\t\t\t\t\t\t<\/ul>\n\t\t\t\t\t\t<\/div>\n\t\t\t\t<\/div>\n\t\t\t\t\t<\/div>\n\t\t<\/div>\n\t\t\t\t\t<\/div>\n\t\t<\/section>\n\t\t\t\t\t<\/div>\n\t\t<\/div>\n\t\t\t\t\t<\/div>\n\t\t<\/section>\n\t\t\t\t<section class=\"elementor-section elementor-top-section elementor-element elementor-element-6266b519 elementor-section-boxed elementor-section-height-default elementor-section-height-default\" data-id=\"6266b519\" data-element_type=\"section\" data-e-type=\"section\" data-settings=\"{&quot;ekit_has_onepagescroll_dot&quot;:&quot;yes&quot;}\">\n\t\t\t\t\t\t<div class=\"elementor-container elementor-column-gap-default\">\n\t\t\t\t\t<div class=\"elementor-column elementor-col-100 elementor-top-column elementor-element elementor-element-52f7fd4a elementor-invisible\" data-id=\"52f7fd4a\" data-element_type=\"column\" data-e-type=\"column\" data-settings=\"{&quot;animation&quot;:&quot;fadeIn&quot;,&quot;animation_delay&quot;:300}\">\n\t\t\t<div class=\"elementor-widget-wrap elementor-element-populated\">\n\t\t\t\t\t\t<div class=\"elementor-element elementor-element-6e1314ce elementor-widget elementor-widget-heading\" data-id=\"6e1314ce\" data-element_type=\"widget\" data-e-type=\"widget\" data-settings=\"{&quot;ekit_we_effect_on&quot;:&quot;none&quot;}\" data-widget_type=\"heading.default\">\n\t\t\t\t<div class=\"elementor-widget-container\">\n\t\t\t\t\t<h2 class=\"elementor-heading-title elementor-size-default\">Past Events<\/h2>\t\t\t\t<\/div>\n\t\t\t\t<\/div>\n\t\t\t\t<div class=\"elementor-element elementor-element-429697cd elementor-widget elementor-widget-elementskit-accordion\" data-id=\"429697cd\" data-element_type=\"widget\" data-e-type=\"widget\" data-settings=\"{&quot;ekit_we_effect_on&quot;:&quot;none&quot;}\" data-widget_type=\"elementskit-accordion.default\">\n\t\t\t\t<div class=\"elementor-widget-container\">\n\t\t\t\t\t<div class=\"ekit-wid-con\" >\n        <div class=\"elementskit-accordion accoedion-primary\" id=\"accordion-69f34714550b8\">\n\n            \n                <div class=\"elementskit-card active\">\n                    <div class=\"elementskit-card-header\" id=\"primaryHeading-0-429697cd\">\n                        <a href=\"#collapse-c93f9de69f34714550b8\" class=\"ekit-accordion--toggler elementskit-btn-link collapsed\" data-ekit-toggle=\"collapse\" data-target=\"#Collapse-c93f9de69f34714550b8\" aria-expanded=\"true\" aria-controls=\"Collapse-c93f9de69f34714550b8\">\n                            \n                            <span class=\"ekit-accordion-title\">DEZEMBER 3, 2022 | THE DAY OF HEROES <\/span>\n\n                            \n                                <div class=\"ekit_accordion_icon_group\">\n                                    <div class=\"ekit_accordion_normal_icon\">\n                                        <!-- Normal Icon -->\n\t\t\t\t\t\t\t\t\t\t<svg class=\"e-font-icon-svg e-fas-chevron-down\" viewBox=\"0 0 448 512\" xmlns=\"http:\/\/www.w3.org\/2000\/svg\"><path d=\"M207.029 381.476L12.686 187.132c-9.373-9.373-9.373-24.569 0-33.941l22.667-22.667c9.357-9.357 24.522-9.375 33.901-.04L224 284.505l154.745-154.021c9.379-9.335 24.544-9.317 33.901.04l22.667 22.667c9.373 9.373 9.373 24.569 0 33.941L240.971 381.476c-9.373 9.372-24.569 9.372-33.942 0z\"><\/path><\/svg>                                    <\/div>\n\n                                    <div class=\"ekit_accordion_active_icon\">\n                                        <!-- Active Icon -->\n\t\t\t\t\t\t\t\t\t\t<svg class=\"e-font-icon-svg e-fas-chevron-up\" viewBox=\"0 0 448 512\" xmlns=\"http:\/\/www.w3.org\/2000\/svg\"><path d=\"M240.971 130.524l194.343 194.343c9.373 9.373 9.373 24.569 0 33.941l-22.667 22.667c-9.357 9.357-24.522 9.375-33.901.04L224 227.495 69.255 381.516c-9.379 9.335-24.544 9.317-33.901-.04l-22.667-22.667c-9.373-9.373-9.373-24.569 0-33.941L207.03 130.525c9.372-9.373 24.568-9.373 33.941-.001z\"><\/path><\/svg>                                    <\/div>\n                                <\/div>\n\n                            \n                                                    <\/a>\n                    <\/div>\n\n                    <div id=\"Collapse-c93f9de69f34714550b8\" class=\" show collapse\" aria-labelledby=\"primaryHeading-0-429697cd\" data-parent=\"#accordion-69f34714550b8\">\n\n                        <div class=\"elementskit-card-body ekit-accordion--content\">\n                            <p>Am internationalen Tag der Menschen mit Behinderung, laden wir, die deutsche Gesellschaft f\u00fcr Thalass\u00e4mie und ALLE seltenen Erkrankungen, zum Treffen ein. Am 03.12.2022, virtuell. Der Fokus liegt diesmal auf der mentalen Gesundheit und darauf, wie nicht nur Menschen mit seltenen Erkrankungen sondern jeder in seinem Alltag resilienter sein kann. Au\u00dferdem erwarten euch spannende Gastbeitr\u00e4ge zu Themen wie \u201eTherapien bei Thalass\u00e4mie\u201c zur Teilnahme einfach HIER klicken.<\/p><p><img fetchpriority=\"high\" decoding=\"async\" class=\"alignnone size-full wp-image-870\" src=\"https:\/\/www.degetha.org\/wp-content\/uploads\/2023\/12\/the-day-of-heros.jpg\" alt=\"\" width=\"1024\" height=\"1024\" srcset=\"https:\/\/www.degetha.org\/wp-content\/uploads\/2023\/12\/the-day-of-heros.jpg 1024w, https:\/\/www.degetha.org\/wp-content\/uploads\/2023\/12\/the-day-of-heros-300x300.jpg 300w, https:\/\/www.degetha.org\/wp-content\/uploads\/2023\/12\/the-day-of-heros-150x150.jpg 150w, https:\/\/www.degetha.org\/wp-content\/uploads\/2023\/12\/the-day-of-heros-768x768.jpg 768w\" sizes=\"(max-width: 1024px) 100vw, 1024px\" \/><\/p><h6>\u00a0<\/h6><h6>R\u00fcckblick | THE DAY OF HEROES vom 3. Dezember 2022<\/h6><p>Das Event hat gem\u00e4\u00df der angek\u00fcndigten Tagesordnung stattgefunden. Die Teilnehmenden haben gro\u00dfes Interesse an den Vortr\u00e4gen gezeigt und im Anschluss des jeden Vortrages wurden Fragen gestellt und beantwortet. Trotz der hohen Teilnehmerzahl war das Event nicht nur informativ sondern auch interaktiv. Die Kaffeepausen wurden um 10 Minuten insgesamt gek\u00fcrzt, um auf alle Fragen eingehen zu k\u00f6nnen. Insgesamt wurde das Event von uns als Verein, als Erfolg wahrgenommen und das Feedback der Teilnehmer war an diesem Tag als auch im Anschluss auf schriftlichem Wege \u00fcber die Sozialen Medien positiv.<\/p>                        <\/div>\n\n                    <\/div>\n\n                <\/div><!-- .elementskit-card END -->\n\n                \n                <div class=\"elementskit-card \">\n                    <div class=\"elementskit-card-header\" id=\"primaryHeading-1-429697cd\">\n                        <a href=\"#collapse-ca41df169f34714550b8\" class=\"ekit-accordion--toggler elementskit-btn-link collapsed\" data-ekit-toggle=\"collapse\" data-target=\"#Collapse-ca41df169f34714550b8\" aria-expanded=\"false\" aria-controls=\"Collapse-ca41df169f34714550b8\">\n                            \n                            <span class=\"ekit-accordion-title\">OKTOBER 1, 2016 | 1. Deutsches Thalass\u00e4mie Symposium der DEGETHA e.V.<\/span>\n\n                            \n                                <div class=\"ekit_accordion_icon_group\">\n                                    <div class=\"ekit_accordion_normal_icon\">\n                                        <!-- Normal Icon -->\n\t\t\t\t\t\t\t\t\t\t<svg class=\"e-font-icon-svg e-fas-chevron-down\" viewBox=\"0 0 448 512\" xmlns=\"http:\/\/www.w3.org\/2000\/svg\"><path d=\"M207.029 381.476L12.686 187.132c-9.373-9.373-9.373-24.569 0-33.941l22.667-22.667c9.357-9.357 24.522-9.375 33.901-.04L224 284.505l154.745-154.021c9.379-9.335 24.544-9.317 33.901.04l22.667 22.667c9.373 9.373 9.373 24.569 0 33.941L240.971 381.476c-9.373 9.372-24.569 9.372-33.942 0z\"><\/path><\/svg>                                    <\/div>\n\n                                    <div class=\"ekit_accordion_active_icon\">\n                                        <!-- Active Icon -->\n\t\t\t\t\t\t\t\t\t\t<svg class=\"e-font-icon-svg e-fas-chevron-up\" viewBox=\"0 0 448 512\" xmlns=\"http:\/\/www.w3.org\/2000\/svg\"><path d=\"M240.971 130.524l194.343 194.343c9.373 9.373 9.373 24.569 0 33.941l-22.667 22.667c-9.357 9.357-24.522 9.375-33.901.04L224 227.495 69.255 381.516c-9.379 9.335-24.544 9.317-33.901-.04l-22.667-22.667c-9.373-9.373-9.373-24.569 0-33.941L207.03 130.525c9.372-9.373 24.568-9.373 33.941-.001z\"><\/path><\/svg>                                    <\/div>\n                                <\/div>\n\n                            \n                                                    <\/a>\n                    <\/div>\n\n                    <div id=\"Collapse-ca41df169f34714550b8\" class=\" collapse\" aria-labelledby=\"primaryHeading-1-429697cd\" data-parent=\"#accordion-69f34714550b8\">\n\n                        <div class=\"elementskit-card-body ekit-accordion--content\">\n                            <p><img decoding=\"async\" class=\"alignnone size-large wp-image-877\" src=\"https:\/\/www.degetha.org\/wp-content\/uploads\/2023\/12\/degetha-Thalassaemie-Symposium-1024x506.png\" alt=\"\" width=\"800\" height=\"395\" srcset=\"https:\/\/www.degetha.org\/wp-content\/uploads\/2023\/12\/degetha-Thalassaemie-Symposium-1024x506.png 1024w, https:\/\/www.degetha.org\/wp-content\/uploads\/2023\/12\/degetha-Thalassaemie-Symposium-300x148.png 300w, https:\/\/www.degetha.org\/wp-content\/uploads\/2023\/12\/degetha-Thalassaemie-Symposium-768x379.png 768w, https:\/\/www.degetha.org\/wp-content\/uploads\/2023\/12\/degetha-Thalassaemie-Symposium-1536x759.png 1536w, https:\/\/www.degetha.org\/wp-content\/uploads\/2023\/12\/degetha-Thalassaemie-Symposium-2048x1011.png 2048w\" sizes=\"(max-width: 800px) 100vw, 800px\" \/><\/p><p>\u00a0<\/p><p>\u00a0<\/p><p>Am Samstag, den 01.10.2016 fand das erste deutsche Thalass\u00e4mie Symposium der DEGETHA e.V. statt. Besucher und Thalass\u00e4mie-Experten konnten sich zur\u00a0Thalass\u00e4mie, \u00fcber die begleitenden psychischen Belastungen und zuk\u00fcnftige Therapiem\u00f6glichkeiten informieren.<\/p><p>\u00a0<\/p><p>\u00a0<\/p><p>\u00a0<br \/><iframe src=\"https:\/\/www.youtube.com\/embed\/oWPay5B4cCQ?si=B8KeXAae7hprXU4p\" width=\"900\" height=\"506\" frameborder=\"0\"><\/iframe><\/p>                        <\/div>\n\n                    <\/div>\n\n                <\/div><!-- .elementskit-card END -->\n\n                                        <\/div>\n    <\/div>\t\t\t\t<\/div>\n\t\t\t\t<\/div>\n\t\t\t\t\t<\/div>\n\t\t<\/div>\n\t\t\t\t\t<\/div>\n\t\t<\/section>\n\t\t\t\t<\/div>\n\t\t","protected":false},"excerpt":{"rendered":"<p>Home Past Events DEZEMBER 3, 2022 | THE DAY OF HEROES Am internationalen Tag der Menschen mit Behinderung, laden wir, die deutsche Gesellschaft f\u00fcr Thalass\u00e4mie und ALLE seltenen Erkrankungen, zum Treffen ein. Am 03.12.2022, virtuell. Der Fokus liegt diesmal auf der mentalen Gesundheit und darauf, wie nicht nur Menschen mit seltenen Erkrankungen sondern jeder in [&hellip;]<\/p>\n","protected":false},"author":1,"featured_media":0,"parent":0,"menu_order":0,"comment_status":"closed","ping_status":"closed","template":"","meta":{"footnotes":""},"class_list":["post-428","page","type-page","status-publish","hentry"],"_links":{"self":[{"href":"https:\/\/www.degetha.org\/en\/wp-json\/wp\/v2\/pages\/428","targetHints":{"allow":["GET"]}}],"collection":[{"href":"https:\/\/www.degetha.org\/en\/wp-json\/wp\/v2\/pages"}],"about":[{"href":"https:\/\/www.degetha.org\/en\/wp-json\/wp\/v2\/types\/page"}],"author":[{"embeddable":true,"href":"https:\/\/www.degetha.org\/en\/wp-json\/wp\/v2\/users\/1"}],"replies":[{"embeddable":true,"href":"https:\/\/www.degetha.org\/en\/wp-json\/wp\/v2\/comments?post=428"}],"version-history":[{"count":10,"href":"https:\/\/www.degetha.org\/en\/wp-json\/wp\/v2\/pages\/428\/revisions"}],"predecessor-version":[{"id":1372,"href":"https:\/\/www.degetha.org\/en\/wp-json\/wp\/v2\/pages\/428\/revisions\/1372"}],"wp:attachment":[{"href":"https:\/\/www.degetha.org\/en\/wp-json\/wp\/v2\/media?parent=428"}],"curies":[{"name":"wp","href":"https:\/\/api.w.org\/{rel}","templated":true}]}}